{"id":18,"date":"2020-06-17T13:41:26","date_gmt":"2020-06-17T13:41:26","guid":{"rendered":"https:\/\/fyyrstell.ch\/?page_id=18"},"modified":"2021-07-17T13:26:12","modified_gmt":"2021-07-17T12:26:12","slug":"fyyrstell","status":"publish","type":"page","link":"https:\/\/fyyrstell.ch\/en\/","title":{"rendered":"FYYRSTELL"},"content":{"rendered":"<section class=\"l-section wpb_row us_custom_b1d26313 height_medium full_height valign_center width_full with_img parallax_ver\" id=\"fyyrstell\"><div class=\"l-section-img\" role=\"img\" aria-label=\"Fyyrstellteamfoto bei der Arbeit &quot;Drei Freunde Eine Leidenschaft&quot;\" data-img-width=\"2560\" data-img-height=\"1984\" style=\"background-image: url(https:\/\/fyyrstell.ch\/wp-content\/uploads\/fyyrstell_headBild-scaled.jpg);background-position: top center;background-repeat: no-repeat;\"><\/div><div class=\"l-section-h i-cf\"><div class=\"g-cols vc_row via_flex valign_top type_default stacking_default\"><div class=\"vc_col-sm-12 wpb_column vc_column_container\"><div class=\"vc_column-inner\"><div class=\"wpb_wrapper\"><div class=\"wpb_text_column us_custom_1ee3197e has_text_color\" id=\"headText\"><div class=\"wpb_wrapper\"><h1 style=\"text-align: center; text-shadow: 2px 4px 6px rgba(0,0,0,0.5);\"><span style=\"color: #feebc1;\">THREE FRIENDS,<\/span><br \/>\n<span style=\"color: #feebc1;\">ONE PASSION<\/span><\/h1>\n<\/div><\/div><\/div><\/div><\/div><\/div><\/div><\/section><section class=\"l-section wpb_row height_medium color_alternate\"><div class=\"l-section-h i-cf\"><div class=\"g-cols vc_row via_flex valign_top type_default stacking_default\"><div class=\"vc_col-sm-12 wpb_column vc_column_container\"><div class=\"vc_column-inner\"><div class=\"wpb_wrapper\"><div class=\"wpb_text_column us_custom_75de1954\"><div class=\"wpb_wrapper\"><p style=\"text-align: center;\">Cooking and barbequing over the fire have united us for many years. The exchanges there, being together and eating together enlivens our friendship. Many people feel the same way: the combination of sociability and fine dining is a source of happiness and satisfaction for us humans. It is not a coincident that the kitchen is the heart of the house, where many wonderful hours or even exuberant celebrations take place. The idea of a mobile kitchen where this connection between enjoyment and encounter is made accessible in an original way has slumbered in us for years.<\/p>\n<p style=\"text-align: center;\" class=\"translation-block\">A small flame has now been kindled with the development of the Fyyrstell Velo into a fire. With our Fyyrstell Velo we bring you not only delicious food, but also a platform for exchange and encounter.<\/p>\n<\/div><\/div><div class=\"g-cols wpb_row via_flex valign_top type_default stacking_default\"><div class=\"vc_col-sm-12 wpb_column vc_column_container\"><div class=\"vc_column-inner\"><div class=\"wpb_wrapper\">\n\t<div class=\"wpb_raw_code wpb_raw_html wpb_content_element us_custom_909b2fd0\" >\n\t\t<div class=\"wpb_wrapper\">\n\t\t\t<div style=\"position:relative;padding-top:56.25%;\">\n  <iframe src=\"https:\/\/www.youtube.com\/embed\/jCdiQWD2zEI?modestbranding=1&showinfo=0&rel=0&theme=light&color=white\" allowfullscreen\n style=\"position:absolute;top:0;left:0;width:100%;height:100%;\"><\/iframe>\n<\/div>\n\t\t<\/div>\n\t<\/div>\n<\/div><\/div><\/div><\/div><\/div><\/div><\/div><\/div><\/div><\/section><section class=\"l-section wpb_row us_custom_b6295e94 veloBurgerBG has_text_color height_auto with_img parallax_ver\" id=\"philosophie\"><div class=\"l-section-img\" role=\"img\" aria-label=\"Image\" data-img-width=\"1800\" data-img-height=\"596\" style=\"background-image: url(https:\/\/fyyrstell.ch\/wp-content\/uploads\/2020\/07\/Velo_Burger.png);background-position: top center;\"><\/div><div class=\"l-section-overlay\" style=\"background:rgba(22,22,22,0.90)\"><\/div><div class=\"l-section-h i-cf\"><div class=\"g-cols vc_row via_flex valign_top type_default stacking_default\"><div class=\"vc_col-sm-12 wpb_column vc_column_container\"><div class=\"vc_column-inner\"><div class=\"wpb_wrapper\"><div class=\"wpb_text_column us_custom_b48b2d62\"><div class=\"wpb_wrapper\"><h2 style=\"text-align: center;\">PHILOSOPHY<\/h2>\n<\/div><\/div><div class=\"wpb_text_column us_custom_894ef4e6\"><div class=\"wpb_wrapper\"><h4 style=\"text-align: center;\" class=\"translation-block\">\u00abLimit everything to the essentials - <br> but do not remove the poetry.\u00bb<\/h4>\n<\/div><\/div><div class=\"wpb_text_column\"><div class=\"wpb_wrapper\"><p style=\"text-align: center;\">(Wabi-Sabi, Japanese beauty theory)<\/p>\n<\/div><\/div><div class=\"wpb_text_column us_custom_3188818e\"><div class=\"wpb_wrapper\"><p style=\"text-align: center;\">Inspired by this idea, the greatest brilliance of our simple dishes is to ideally combine regional basic products and flavors and at the same time to focus on their own taste without frills and authenticity.<\/p>\n<\/div><\/div><div class=\"wpb_text_column us_custom_b48b2d62\"><div class=\"wpb_wrapper\"><p style=\"text-align: center;\">This idea is also reflected in the choice of our means of transport, the Fyyrstell Velo. Flexible, spontaneous and in harmony with our surrounding. Reduced to the bare essentials, yet with perfectly coordinated components, harmonious in detail and adventurous on two wheels.<\/p>\n<\/div><\/div><\/div><\/div><\/div><\/div><\/div><\/section><section class=\"l-section wpb_row us_custom_8d5aa4e2 smooth-scroll height_medium\" id=\"angebot\"><div class=\"l-section-h i-cf\"><div class=\"g-cols vc_row via_flex valign_top type_default stacking_default\"><div class=\"vc_col-sm-12 wpb_column vc_column_container\"><div class=\"vc_column-inner\"><div class=\"wpb_wrapper\"><div class=\"wpb_text_column us_custom_c659e4ac has_text_color\"><div class=\"wpb_wrapper\"><h2 style=\"text-align: center;\">Our Offer<\/h2>\n<\/div><\/div><div class=\"g-cols wpb_row via_flex valign_top type_default stacking_default\"><div class=\"vc_col-sm-4 wpb_column vc_column_container\"><div class=\"vc_column-inner\"><div class=\"wpb_wrapper\"><div class=\"w-image us_custom_43d5afc6 align_none\"><div class=\"w-image-h\"><img decoding=\"async\" width=\"524\" height=\"524\" src=\"https:\/\/fyyrstell.ch\/wp-content\/uploads\/2020\/07\/burgerkny-e1594738028851.png\" class=\"attachment-full size-full\" alt=\"Im Angebot Cheeseburger\" loading=\"lazy\" srcset=\"https:\/\/fyyrstell.ch\/wp-content\/uploads\/2020\/07\/burgerkny-e1594738028851.png 524w, https:\/\/fyyrstell.ch\/wp-content\/uploads\/2020\/07\/burgerkny-e1594738028851-12x12.png 12w\" sizes=\"auto, (max-width: 524px) 100vw, 524px\" \/><\/div><\/div><div class=\"wpb_text_column us_custom_26ca100b has_text_color\"><div class=\"wpb_wrapper\"><h3 style=\"text-align: left;\">BURGERS<\/h3>\n<\/div><\/div><div class=\"wpb_text_column\"><div class=\"wpb_wrapper\"><h6><strong>Fyyrstell Cheeseburger<\/strong><\/h6>\n<p>Swiss beef, brioche bun, cheddar cheese, caramelized onions, homemade pickles and fyrstell sauce.<\/p>\n<\/div><\/div><div class=\"wpb_text_column\"><div class=\"wpb_wrapper\"><h6>Vegi Fyyrstell Cheeseburger<\/h6>\n<p>Fyyrstell vegetable mix, brioche bun, cheddar cheese, caramelized onions, homemade pickles and fyrstell sauce.<\/p>\n<\/div><\/div><\/div><\/div><\/div><div class=\"vc_col-sm-4 wpb_column vc_column_container\"><div class=\"vc_column-inner\"><div class=\"wpb_wrapper\"><div class=\"w-image us_custom_43d5afc6 align_none\"><div class=\"w-image-h\"><img decoding=\"async\" width=\"522\" height=\"522\" src=\"https:\/\/fyyrstell.ch\/wp-content\/uploads\/pastrami-e1626519548433.jpg\" class=\"attachment-full size-full\" alt=\"\" loading=\"lazy\" srcset=\"https:\/\/fyyrstell.ch\/wp-content\/uploads\/pastrami-e1626519548433.jpg 522w, https:\/\/fyyrstell.ch\/wp-content\/uploads\/pastrami-e1626519548433-12x12.jpg 12w\" sizes=\"auto, (max-width: 522px) 100vw, 522px\" \/><\/div><\/div><div class=\"wpb_text_column us_custom_26ca100b has_text_color\"><div class=\"wpb_wrapper\"><h3 style=\"text-align: left;\">PASTRAMI<\/h3>\n<\/div><\/div><div class=\"wpb_text_column\"><div class=\"wpb_wrapper\"><h6>Classic Fyyrstell Pastrami<\/h6>\n<p>Fyyrstell pastrami from the butcher (homemade), with wood-fired bread, cheddar cheese, homemade pickles and mayo-mustard sauce.<\/p>\n<\/div><\/div><\/div><\/div><\/div><div class=\"vc_col-sm-4 wpb_column vc_column_container blury\"><div class=\"vc_column-inner\"><div class=\"wpb_wrapper\"><div class=\"w-image us_custom_43d5afc6 align_none\"><div class=\"w-image-h\"><img decoding=\"async\" width=\"642\" height=\"642\" src=\"https:\/\/fyyrstell.ch\/wp-content\/uploads\/2020\/08\/LOGOFyyrstell.png\" class=\"attachment-full size-full\" alt=\"\" loading=\"lazy\" srcset=\"https:\/\/fyyrstell.ch\/wp-content\/uploads\/2020\/08\/LOGOFyyrstell.png 642w, https:\/\/fyyrstell.ch\/wp-content\/uploads\/2020\/08\/LOGOFyyrstell-12x12.png 12w\" sizes=\"auto, (max-width: 642px) 100vw, 642px\" \/><\/div><\/div><div class=\"wpb_text_column us_custom_26ca100b has_text_color\"><div class=\"wpb_wrapper\"><h3 style=\"text-align: left;\">TACOS &amp; QUESADILLAS<\/h3>\n<\/div><\/div><div class=\"wpb_text_column\"><div class=\"wpb_wrapper\"><h6>Tacos (corn yellow or blue)<\/h6>\n<p>Beef roast, Grilled chicken, Marinated beef, Vegetables<\/p>\n<h6>Quesadillas (yellow or blue corn)<\/h6>\n<p>Nature<\/p>\n<p>Gem\u00fcse<\/p>\n<\/div><\/div><\/div><\/div><\/div><\/div><\/div><\/div><\/div><\/div><\/div><\/section><section class=\"l-section wpb_row us_custom_8e862780 height_medium color_alternate with_img parallax_ver with_shape\" id=\"velo\"><div class=\"l-section-img\" role=\"img\" aria-label=\"Image\" data-img-width=\"1280\" data-img-height=\"853\" style=\"background-image: url(https:\/\/fyyrstell.ch\/wp-content\/uploads\/2020\/08\/062.jpg);background-position: top center;background-repeat: no-repeat;\"><\/div><div class=\"l-section-overlay\" style=\"background:rgba(22,22,22,0.70)\"><\/div><div class=\"l-section-shape type_curve pos_top\" style=\"height:15vmin;\"><svg xmlns=\"http:\/\/www.w3.org\/2000\/svg\" viewbox=\"0 0 64 8\" preserveaspectratio=\"none\" width=\"100%\" height=\"100%\">\r\n\t<path fill=\"currentColor\" d=\"M64 8 L64 0 Q32 15.8 0 0 L0 8 Z\"\/>\r\n<\/svg><\/div><div class=\"l-section-h i-cf\"><div class=\"g-cols vc_row via_flex valign_top type_default stacking_default\"><div class=\"vc_col-sm-12 wpb_column vc_column_container\"><div class=\"vc_column-inner\"><div class=\"wpb_wrapper\"><div class=\"wpb_text_column us_custom_e62b3613 has_text_color\"><div class=\"wpb_wrapper\"><h2 style=\"text-align: center;\"><span style=\"color: #feebc1;\">FYYRSTELL VELO<\/span><\/h2>\n<\/div><\/div><div class=\"g-cols wpb_row us_custom_b4198c51 via_flex valign_top type_default stacking_default\"><div class=\"vc_col-sm-6 wpb_column vc_column_container\"><div class=\"vc_column-inner\"><div class=\"wpb_wrapper\"><div class=\"wpb_text_column us_custom_8e09cc6b\"><div class=\"wpb_wrapper\"><p>The Fyyrstell Velo will inspire you and your friends on any occasion (e.g. aperitif, birthday parties and company events). We can ride to anywhere in Basel and the surrounding area, even in your garden if you wish.<\/p>\n<p>Our Fyyrstell Velo can produce up to 120 burgers (larger numbers on request), whereby we need about an hour for 60 burgers.<\/p>\n<\/div><\/div><\/div><\/div><\/div><div class=\"vc_col-sm-6 wpb_column vc_column_container\"><div class=\"vc_column-inner\"><div class=\"wpb_wrapper\"><div class=\"wpb_text_column us_custom_8e09cc6b\"><div class=\"wpb_wrapper\"><p>We get our meat from the local butcher and the other raw materials come from the region (except for the cheese, which is truly an American one).<\/p>\n<p>If you would like to enjoy the Fyyrstell, we would be happy to make you an individual offer. We are open to your ideas and imaginations. Contact us without obligation - the Fyyrstell Velo and the three of us are looking forward to meeting you.<\/p>\n<\/div><\/div><\/div><\/div><\/div><\/div><\/div><\/div><\/div><\/div><\/div><\/section>","protected":false},"excerpt":{"rendered":"DREI FREUNDE, EINE LEIDENSCHAFT Seit vielen Jahren verbindet uns das Kochen sowie das Grillen am Feuer. Der dortige Austausch, das Zusammensein und das gemeinsame Essen belebt unsere Freundschaft. Vielen Menschen geht es \u00e4hnlich: Die Verbindung von Geselligkeit und feinem Essen ist f\u00fcr uns Menschen eine Quelle von Gl\u00fcck und Zufriedenheit. Nicht umsonst ist die K\u00fcche...","protected":false},"author":1,"featured_media":0,"parent":0,"menu_order":0,"comment_status":"closed","ping_status":"closed","template":"","meta":{"footnotes":""},"class_list":["post-18","page","type-page","status-publish","hentry"],"yoast_head":"<!-- This site is optimized with the Yoast SEO plugin v27.5 - https:\/\/yoast.com\/product\/yoast-seo-wordpress\/ -->\n<title>FYYRSTELL &#8211; Velo-Catering f\u00fcr Basel und naher Umgebung<\/title>\n<meta name=\"description\" content=\"Das Catering Fyyrstell-Velo bringt k\u00f6stliches Essen (Burger, zwei weitere Klassiker in naher Zukunft) und eine Plattform f\u00fcr Austausch und Begegnung.\" \/>\n<meta name=\"robots\" content=\"index, follow, max-snippet:-1, max-image-preview:large, max-video-preview:-1\" \/>\n<link rel=\"canonical\" href=\"https:\/\/fyyrstell.ch\/en\/\" \/>\n<meta property=\"og:locale\" content=\"en_US\" \/>\n<meta property=\"og:type\" content=\"article\" \/>\n<meta property=\"og:title\" content=\"FYYRSTELL &#8211; Velo-Catering f\u00fcr Basel und naher Umgebung\" \/>\n<meta property=\"og:description\" content=\"Das Catering Fyyrstell-Velo bringt k\u00f6stliches Essen (Burger, zwei weitere Klassiker in naher Zukunft) und eine Plattform f\u00fcr Austausch und Begegnung.\" \/>\n<meta property=\"og:url\" content=\"https:\/\/fyyrstell.ch\/en\/\" \/>\n<meta property=\"og:site_name\" content=\"Fyyrstell\" \/>\n<meta property=\"article:modified_time\" content=\"2021-07-17T12:26:12+00:00\" \/>\n<meta name=\"twitter:card\" content=\"summary_large_image\" \/>\n<meta name=\"twitter:label1\" content=\"Est. reading time\" \/>\n\t<meta name=\"twitter:data1\" content=\"3 minutes\" \/>\n<script type=\"application\/ld+json\" class=\"yoast-schema-graph\">{\"@context\":\"https:\\\/\\\/schema.org\",\"@graph\":[{\"@type\":\"WebPage\",\"@id\":\"https:\\\/\\\/fyyrstell.ch\\\/\",\"url\":\"https:\\\/\\\/fyyrstell.ch\\\/\",\"name\":\"FYYRSTELL &#8211; Velo-Catering f\u00fcr Basel und naher Umgebung\",\"isPartOf\":{\"@id\":\"https:\\\/\\\/fyyrstell.ch\\\/#website\"},\"datePublished\":\"2020-06-17T13:41:26+00:00\",\"dateModified\":\"2021-07-17T12:26:12+00:00\",\"description\":\"Das Catering Fyyrstell-Velo bringt k\u00f6stliches Essen (Burger, zwei weitere Klassiker in naher Zukunft) und eine Plattform f\u00fcr Austausch und Begegnung.\",\"breadcrumb\":{\"@id\":\"https:\\\/\\\/fyyrstell.ch\\\/#breadcrumb\"},\"inLanguage\":\"en-US\",\"potentialAction\":[{\"@type\":\"ReadAction\",\"target\":[\"https:\\\/\\\/fyyrstell.ch\\\/\"]}]},{\"@type\":\"BreadcrumbList\",\"@id\":\"https:\\\/\\\/fyyrstell.ch\\\/#breadcrumb\",\"itemListElement\":[{\"@type\":\"ListItem\",\"position\":1,\"name\":\"Startseite\",\"item\":\"https:\\\/\\\/fyyrstell.ch\\\/\"},{\"@type\":\"ListItem\",\"position\":2,\"name\":\"FYYRSTELL\"}]},{\"@type\":\"WebSite\",\"@id\":\"https:\\\/\\\/fyyrstell.ch\\\/#website\",\"url\":\"https:\\\/\\\/fyyrstell.ch\\\/\",\"name\":\"Fyyrstell\",\"description\":\"Das Grillvelo von Basel, gutes Essen, Plattform f\u00fcr Austausch und Begegnung\",\"publisher\":{\"@id\":\"https:\\\/\\\/fyyrstell.ch\\\/#organization\"},\"potentialAction\":[{\"@type\":\"SearchAction\",\"target\":{\"@type\":\"EntryPoint\",\"urlTemplate\":\"https:\\\/\\\/fyyrstell.ch\\\/?s={search_term_string}\"},\"query-input\":{\"@type\":\"PropertyValueSpecification\",\"valueRequired\":true,\"valueName\":\"search_term_string\"}}],\"inLanguage\":\"en-US\"},{\"@type\":\"Organization\",\"@id\":\"https:\\\/\\\/fyyrstell.ch\\\/#organization\",\"name\":\"FYYRSTELL\",\"url\":\"https:\\\/\\\/fyyrstell.ch\\\/\",\"logo\":{\"@type\":\"ImageObject\",\"inLanguage\":\"en-US\",\"@id\":\"https:\\\/\\\/fyyrstell.ch\\\/#\\\/schema\\\/logo\\\/image\\\/\",\"url\":\"https:\\\/\\\/fyyrstell.ch\\\/wp-content\\\/uploads\\\/2020\\\/08\\\/FYYRSTELL_Logo_Schrift.png\",\"contentUrl\":\"https:\\\/\\\/fyyrstell.ch\\\/wp-content\\\/uploads\\\/2020\\\/08\\\/FYYRSTELL_Logo_Schrift.png\",\"width\":577,\"height\":600,\"caption\":\"FYYRSTELL\"},\"image\":{\"@id\":\"https:\\\/\\\/fyyrstell.ch\\\/#\\\/schema\\\/logo\\\/image\\\/\"},\"sameAs\":[\"https:\\\/\\\/www.instagram.com\\\/fyyrstell\\\/\",\"https:\\\/\\\/www.youtube.com\\\/channel\\\/UCPHypHy4-9p1Wf3M8T-Jguw\"]}]}<\/script>\n<!-- \/ Yoast SEO plugin. -->","yoast_head_json":{"title":"FYYRSTELL &#8211; Velo-Catering f\u00fcr Basel und naher Umgebung","description":"Das Catering Fyyrstell-Velo bringt k\u00f6stliches Essen (Burger, zwei weitere Klassiker in naher Zukunft) und eine Plattform f\u00fcr Austausch und Begegnung.","robots":{"index":"index","follow":"follow","max-snippet":"max-snippet:-1","max-image-preview":"max-image-preview:large","max-video-preview":"max-video-preview:-1"},"canonical":"https:\/\/fyyrstell.ch\/en\/","og_locale":"en_US","og_type":"article","og_title":"FYYRSTELL &#8211; Velo-Catering f\u00fcr Basel und naher Umgebung","og_description":"Das Catering Fyyrstell-Velo bringt k\u00f6stliches Essen (Burger, zwei weitere Klassiker in naher Zukunft) und eine Plattform f\u00fcr Austausch und Begegnung.","og_url":"https:\/\/fyyrstell.ch\/en\/","og_site_name":"Fyyrstell","article_modified_time":"2021-07-17T12:26:12+00:00","twitter_card":"summary_large_image","twitter_misc":{"Est. reading time":"3 minutes"},"schema":{"@context":"https:\/\/schema.org","@graph":[{"@type":"WebPage","@id":"https:\/\/fyyrstell.ch\/","url":"https:\/\/fyyrstell.ch\/","name":"FYYRSTELL &#8211; Velo-Catering f\u00fcr Basel und naher Umgebung","isPartOf":{"@id":"https:\/\/fyyrstell.ch\/#website"},"datePublished":"2020-06-17T13:41:26+00:00","dateModified":"2021-07-17T12:26:12+00:00","description":"Das Catering Fyyrstell-Velo bringt k\u00f6stliches Essen (Burger, zwei weitere Klassiker in naher Zukunft) und eine Plattform f\u00fcr Austausch und Begegnung.","breadcrumb":{"@id":"https:\/\/fyyrstell.ch\/#breadcrumb"},"inLanguage":"en-US","potentialAction":[{"@type":"ReadAction","target":["https:\/\/fyyrstell.ch\/"]}]},{"@type":"BreadcrumbList","@id":"https:\/\/fyyrstell.ch\/#breadcrumb","itemListElement":[{"@type":"ListItem","position":1,"name":"Startseite","item":"https:\/\/fyyrstell.ch\/"},{"@type":"ListItem","position":2,"name":"FYYRSTELL"}]},{"@type":"WebSite","@id":"https:\/\/fyyrstell.ch\/#website","url":"https:\/\/fyyrstell.ch\/","name":"Fyyrstell","description":"Das Grillvelo von Basel, gutes Essen, Plattform f\u00fcr Austausch und Begegnung","publisher":{"@id":"https:\/\/fyyrstell.ch\/#organization"},"potentialAction":[{"@type":"SearchAction","target":{"@type":"EntryPoint","urlTemplate":"https:\/\/fyyrstell.ch\/?s={search_term_string}"},"query-input":{"@type":"PropertyValueSpecification","valueRequired":true,"valueName":"search_term_string"}}],"inLanguage":"en-US"},{"@type":"Organization","@id":"https:\/\/fyyrstell.ch\/#organization","name":"FYYRSTELL","url":"https:\/\/fyyrstell.ch\/","logo":{"@type":"ImageObject","inLanguage":"en-US","@id":"https:\/\/fyyrstell.ch\/#\/schema\/logo\/image\/","url":"https:\/\/fyyrstell.ch\/wp-content\/uploads\/2020\/08\/FYYRSTELL_Logo_Schrift.png","contentUrl":"https:\/\/fyyrstell.ch\/wp-content\/uploads\/2020\/08\/FYYRSTELL_Logo_Schrift.png","width":577,"height":600,"caption":"FYYRSTELL"},"image":{"@id":"https:\/\/fyyrstell.ch\/#\/schema\/logo\/image\/"},"sameAs":["https:\/\/www.instagram.com\/fyyrstell\/","https:\/\/www.youtube.com\/channel\/UCPHypHy4-9p1Wf3M8T-Jguw"]}]}},"_links":{"self":[{"href":"https:\/\/fyyrstell.ch\/en\/wp-json\/wp\/v2\/pages\/18","targetHints":{"allow":["GET"]}}],"collection":[{"href":"https:\/\/fyyrstell.ch\/en\/wp-json\/wp\/v2\/pages"}],"about":[{"href":"https:\/\/fyyrstell.ch\/en\/wp-json\/wp\/v2\/types\/page"}],"author":[{"embeddable":true,"href":"https:\/\/fyyrstell.ch\/en\/wp-json\/wp\/v2\/users\/1"}],"replies":[{"embeddable":true,"href":"https:\/\/fyyrstell.ch\/en\/wp-json\/wp\/v2\/comments?post=18"}],"version-history":[{"count":158,"href":"https:\/\/fyyrstell.ch\/en\/wp-json\/wp\/v2\/pages\/18\/revisions"}],"predecessor-version":[{"id":30,"href":"https:\/\/fyyrstell.ch\/en\/wp-json\/wp\/v2\/pages\/18\/revisions\/30"}],"wp:attachment":[{"href":"https:\/\/fyyrstell.ch\/en\/wp-json\/wp\/v2\/media?parent=18"}],"curies":[{"name":"wp","href":"https:\/\/api.w.org\/{rel}","templated":true}]}}